{"id":14712,"date":"2024-10-21T21:45:35","date_gmt":"2024-10-21T19:45:35","guid":{"rendered":"https:\/\/www.pharmanager-ingredients.com\/our-quality-commitments\/"},"modified":"2025-09-02T08:58:32","modified_gmt":"2025-09-02T06:58:32","slug":"our-quality-commitments","status":"publish","type":"page","link":"https:\/\/www.pharmanager-ingredients.com\/en\/our-quality-commitments\/","title":{"rendered":"Our quality commitments"},"content":{"rendered":"<section id=\"block_08274411b264ce0f61188c6f40ce3e4e\" class=\" section section_slider-block\">\n    <div class=\"slider-block_container\">\n                    <div class=\"slider-block_slider\">\n                                    <div class=\"slider-item\">\n                                                    <div class=\"slider-content\">\n                                <h1 style=\"text-align: center; text-shadow: 1px 1px 2px black, 0 0 1em black, 0 0 0.2em black; line-height: 1;\">Our quality commitments<br \/>\nand continuous improvement<\/h1>\n                            <\/div>\n                        \n                        \n                                                                                    <div class=\"slider-img\">\n                                    <img decoding=\"async\" src=\"https:\/\/www.pharmanager-ingredients.com\/wp-content\/uploads\/2024\/11\/slider-1.jpg\" alt=\"\">\n                                <\/div>\n                                                    \n                                            <\/div>\n                            <\/div>\n            <\/div>\n<\/section><section id=\"block_432a423d2b9ab35b11d6032787d02bf1\" class=\" section section_slider-logos-block section_slider-logos-bg-color\" style=\"background-color: #f9f9f9;\">\n    <div class=\"slider-logos-block_container container-full\">\n        <div class=\"slider-logos-block_content\">\n                            <p><span class=\"sixth-title\"><strong>Our certifications :<\/strong><\/span><\/p>\n                    <\/div>\n                    <div class=\"slider-logos-block_slider\">\n                                    <div class=\"slider-logos-item\">\n                                                    <img decoding=\"async\" src=\"https:\/\/www.pharmanager-ingredients.com\/wp-content\/uploads\/2024\/10\/ISO-22000.png\" alt=\"\"\/>\n                                            <\/div>\n                                    <div class=\"slider-logos-item\">\n                                                    <img decoding=\"async\" src=\"https:\/\/www.pharmanager-ingredients.com\/wp-content\/uploads\/2024\/10\/ISO-9001.png\" alt=\"\"\/>\n                                            <\/div>\n                                    <div class=\"slider-logos-item\">\n                        <a href=\"https:\/\/www.pharmanager-ingredients.com\/?page_id=56\" target=\"\">                            <img decoding=\"async\" src=\"https:\/\/www.pharmanager-ingredients.com\/wp-content\/uploads\/2025\/08\/Bio-logos-2.png\" alt=\"\"\/>\n                        <\/a>                    <\/div>\n                                    <div class=\"slider-logos-item\">\n                                                    <img decoding=\"async\" src=\"https:\/\/www.pharmanager-ingredients.com\/wp-content\/uploads\/2024\/10\/certification-foodch.png\" alt=\"\"\/>\n                                            <\/div>\n                            <\/div>\n            <\/div>\n<\/section><section id=\"block_b63adc51b66f04dca58e20701772e9b3\" class=\" section section_content-block section_content-no-bg section_content-center-oembed\" >\n    <div class=\"content-block_container container\">\n                <div class=\"content-block_video\">\n            <iframe loading=\"lazy\" title=\"Notre service Qualit\u00e9\" width=\"640\" height=\"360\" src=\"https:\/\/www.youtube.com\/embed\/-IcGf0g5j5E?feature=oembed\" frameborder=\"0\" allow=\"accelerometer; autoplay; clipboard-write; encrypted-media; gyroscope; picture-in-picture; web-share\" referrerpolicy=\"strict-origin-when-cross-origin\" allowfullscreen><\/iframe>        <\/div>\n                                                    <div class=\"content-block_content\">\n                                                                    <\/div>\n                            <\/div>\n<\/section><section id=\"block_0eb94e4f24efac9895b5966ef744afc7\" class=\" section section_content-block section_content-no-bg section_content-left-img\" >\n    <div class=\"content-block_container container\">\n                                                    <div class=\"content-block_content\">\n                                                        <h2 style=\"text-align: left;\"><strong>We don&#8217;t abuse the word &#8220;commitment&#8221;! <\/strong><\/h2>\n<p style=\"text-align: justify;\">The term &#8220;Commitment&#8221; has a very important meaning and value for us. We are firmly committed to improving the quality of our products and our organization. This commitment is reflected in our desire to maintain our current ISO 9001, ISO 22000 and FCA certifications, and our desire to improve in the long term by obtaining FSSC 22000 certification. This commitment is also shared by the management of Pharmanager Ingredients, to<strong>anchor the quality system around four key pillars<\/strong> aimed primarily at strengthening the company&#8217;s resilience in the face of an ever-changing environment. What are they?<\/p>\n                                                                    <\/div>\n                            <\/div>\n<\/section><section id=\"block_ff30c9b9a8c5f5300bddf554e7c24218\" class=\" section section_content-block section_content-no-bg section_content-left-img\" >\n    <div class=\"content-block_container container\">\n                <div class=\"content-block_img\">\n            <img decoding=\"async\" src=\"https:\/\/www.pharmanager-ingredients.com\/wp-content\/uploads\/2024\/11\/satisfaction-client.jpg\" alt=\"satisfaction client\"\/>\n        <\/div>\n                                                    <div class=\"content-block_content\">\n                                                        <h2>Commitment to customer satisfaction<\/h2>\n<p style=\"text-align: justify;\">To offer products that meet our specifications, meet our customers&#8217; expectations and are available for implementation. We are committed to actively listening to our customers&#8217; needs and challenges, in order to help them make their projects a success.<\/p>\n                                                                    <\/div>\n                            <\/div>\n<\/section><section id=\"block_cd72a6edc03e00c08fbe52feb6f88470\" class=\" section section_content-block section_content-no-bg section_content-right-img\" >\n    <div class=\"content-block_container container\">\n                <div class=\"content-block_img\">\n            <img decoding=\"async\" src=\"https:\/\/www.pharmanager-ingredients.com\/wp-content\/uploads\/2024\/11\/securite-conformite.jpg\" alt=\"engagements qualit\u00e9 - securit\u00e9 conformit\u00e9\"\/>\n        <\/div>\n                                                    <div class=\"content-block_content\">\n                                                        <h2 style=\"text-align: left;\">Guarantee food safety and compliance throughout the supply chain<\/h2>\n<p style=\"text-align: justify;\">This is achieved through our mastery of traceability, our relevant risk analysis of the range of ingredients and, last but not least, our mastery of current French and European regulations.<\/p>\n                                                                    <\/div>\n                            <\/div>\n<\/section><section id=\"block_2ec86faa3c7b01f0fabe3967d9ea1e70\" class=\" section section_content-block section_content-no-bg section_content-left-img\" >\n    <div class=\"content-block_container container\">\n                <div class=\"content-block_img\">\n            <img decoding=\"async\" src=\"https:\/\/www.pharmanager-ingredients.com\/wp-content\/uploads\/2024\/11\/cohesion-equipe.jpg\" alt=\"engagements qualit\u00e9 - \"\/>\n        <\/div>\n                                                    <div class=\"content-block_content\">\n                                                        <h2 style=\"text-align: left;\">Building team loyalty and guaranteeing a high quality of life at work<\/h2>\n<p style=\"text-align: justify;\">This pillar is expressed through the cohesion of our teams around our shared values, ensuring their autonomy and personal development, ensuring their health and safety in the workplace, and lastly, through the provision of a suitable working environment.<\/p>\n                                                                    <\/div>\n                            <\/div>\n<\/section><section id=\"block_8c36ced33b34bd117a8f1722f9dd70b3\" class=\" section section_content-block section_content-no-bg section_content-right-img\" >\n    <div class=\"content-block_container container\">\n                <div class=\"content-block_img\">\n            <img decoding=\"async\" src=\"https:\/\/www.pharmanager-ingredients.com\/wp-content\/uploads\/2024\/11\/partenaires.jpg\" alt=\"engagements qualit\u00e9 - coh\u00e9sion equipe\"\/>\n        <\/div>\n                                                    <div class=\"content-block_content\">\n                                                        <h2 style=\"text-align: left;\">Developing relationships with our partners<\/h2>\n<p style=\"text-align: justify;\">Continue to build our business environment, at all levels of the company, so that it is sustainable and based on the values we share with our partners.<\/p>\n                                                                    <\/div>\n                            <\/div>\n<\/section>","protected":false},"excerpt":{"rendered":"","protected":false},"author":4,"featured_media":0,"parent":0,"menu_order":0,"comment_status":"closed","ping_status":"closed","template":"","meta":{"_acf_changed":false,"footnotes":""},"class_list":["post-14712","page","type-page","status-publish","hentry"],"acf":[],"yoast_head":"<!-- This site is optimized with the Yoast SEO plugin v25.2 - https:\/\/yoast.com\/wordpress\/plugins\/seo\/ -->\n<title>Our quality commitments - Pharmanager Ingredients<\/title>\n<meta name=\"description\" content=\"Our commitment to quality and continuous improvement of our products and organization. Certifications: ISO 9001, ISO22000 and FCA.\" \/>\n<meta name=\"robots\" content=\"index, follow, max-snippet:-1, max-image-preview:large, max-video-preview:-1\" \/>\n<link rel=\"canonical\" href=\"https:\/\/www.pharmanager-ingredients.com\/en\/our-quality-commitments\/\" \/>\n<meta property=\"og:locale\" content=\"en_US\" \/>\n<meta property=\"og:type\" content=\"article\" \/>\n<meta property=\"og:title\" content=\"Our quality commitments - Pharmanager Ingredients\" \/>\n<meta property=\"og:description\" content=\"Our commitment to quality and continuous improvement of our products and organization. Certifications: ISO 9001, ISO22000 and FCA.\" \/>\n<meta property=\"og:url\" content=\"https:\/\/www.pharmanager-ingredients.com\/en\/our-quality-commitments\/\" \/>\n<meta property=\"og:site_name\" content=\"Pharmanager Ingredients\" \/>\n<meta property=\"article:modified_time\" content=\"2025-09-02T06:58:32+00:00\" \/>\n<meta name=\"twitter:card\" content=\"summary_large_image\" \/>\n<meta name=\"twitter:label1\" content=\"Est. reading time\" \/>\n\t<meta name=\"twitter:data1\" content=\"4 minutes\" \/>\n<script type=\"application\/ld+json\" class=\"yoast-schema-graph\">{\"@context\":\"https:\/\/schema.org\",\"@graph\":[{\"@type\":\"WebPage\",\"@id\":\"https:\/\/www.pharmanager-ingredients.com\/en\/our-quality-commitments\/\",\"url\":\"https:\/\/www.pharmanager-ingredients.com\/en\/our-quality-commitments\/\",\"name\":\"Our quality commitments - Pharmanager Ingredients\",\"isPartOf\":{\"@id\":\"https:\/\/www.pharmanager-ingredients.com\/en\/#website\"},\"datePublished\":\"2024-10-21T19:45:35+00:00\",\"dateModified\":\"2025-09-02T06:58:32+00:00\",\"description\":\"Our commitment to quality and continuous improvement of our products and organization. Certifications: ISO 9001, ISO22000 and FCA.\",\"breadcrumb\":{\"@id\":\"https:\/\/www.pharmanager-ingredients.com\/en\/our-quality-commitments\/#breadcrumb\"},\"inLanguage\":\"en-US\",\"potentialAction\":[{\"@type\":\"ReadAction\",\"target\":[\"https:\/\/www.pharmanager-ingredients.com\/en\/our-quality-commitments\/\"]}]},{\"@type\":\"BreadcrumbList\",\"@id\":\"https:\/\/www.pharmanager-ingredients.com\/en\/our-quality-commitments\/#breadcrumb\",\"itemListElement\":[{\"@type\":\"ListItem\",\"position\":1,\"name\":\"Accueil\",\"item\":\"https:\/\/www.pharmanager-ingredients.com\/en\/\"},{\"@type\":\"ListItem\",\"position\":2,\"name\":\"Our quality commitments\"}]},{\"@type\":\"WebSite\",\"@id\":\"https:\/\/www.pharmanager-ingredients.com\/en\/#website\",\"url\":\"https:\/\/www.pharmanager-ingredients.com\/en\/\",\"name\":\"Pharmanager Ingredients\",\"description\":\"\",\"publisher\":{\"@id\":\"https:\/\/www.pharmanager-ingredients.com\/en\/#organization\"},\"potentialAction\":[{\"@type\":\"SearchAction\",\"target\":{\"@type\":\"EntryPoint\",\"urlTemplate\":\"https:\/\/www.pharmanager-ingredients.com\/en\/?s={search_term_string}\"},\"query-input\":{\"@type\":\"PropertyValueSpecification\",\"valueRequired\":true,\"valueName\":\"search_term_string\"}}],\"inLanguage\":\"en-US\"},{\"@type\":\"Organization\",\"@id\":\"https:\/\/www.pharmanager-ingredients.com\/en\/#organization\",\"name\":\"Pharmanager Ingredients\",\"url\":\"https:\/\/www.pharmanager-ingredients.com\/en\/\",\"logo\":{\"@type\":\"ImageObject\",\"inLanguage\":\"en-US\",\"@id\":\"https:\/\/www.pharmanager-ingredients.com\/en\/#\/schema\/logo\/image\/\",\"url\":\"https:\/\/www.pharmanager-ingredients.com\/wp-content\/uploads\/2024\/10\/PHING.jpg\",\"contentUrl\":\"https:\/\/www.pharmanager-ingredients.com\/wp-content\/uploads\/2024\/10\/PHING.jpg\",\"width\":1909,\"height\":1067,\"caption\":\"Pharmanager Ingredients\"},\"image\":{\"@id\":\"https:\/\/www.pharmanager-ingredients.com\/en\/#\/schema\/logo\/image\/\"},\"sameAs\":[\"https:\/\/www.linkedin.com\/company\/pharmanager-ingredients\/\"]}]}<\/script>\n<!-- \/ Yoast SEO plugin. -->","yoast_head_json":{"title":"Our quality commitments - Pharmanager Ingredients","description":"Our commitment to quality and continuous improvement of our products and organization. Certifications: ISO 9001, ISO22000 and FCA.","robots":{"index":"index","follow":"follow","max-snippet":"max-snippet:-1","max-image-preview":"max-image-preview:large","max-video-preview":"max-video-preview:-1"},"canonical":"https:\/\/www.pharmanager-ingredients.com\/en\/our-quality-commitments\/","og_locale":"en_US","og_type":"article","og_title":"Our quality commitments - Pharmanager Ingredients","og_description":"Our commitment to quality and continuous improvement of our products and organization. Certifications: ISO 9001, ISO22000 and FCA.","og_url":"https:\/\/www.pharmanager-ingredients.com\/en\/our-quality-commitments\/","og_site_name":"Pharmanager Ingredients","article_modified_time":"2025-09-02T06:58:32+00:00","twitter_card":"summary_large_image","twitter_misc":{"Est. reading time":"4 minutes"},"schema":{"@context":"https:\/\/schema.org","@graph":[{"@type":"WebPage","@id":"https:\/\/www.pharmanager-ingredients.com\/en\/our-quality-commitments\/","url":"https:\/\/www.pharmanager-ingredients.com\/en\/our-quality-commitments\/","name":"Our quality commitments - Pharmanager Ingredients","isPartOf":{"@id":"https:\/\/www.pharmanager-ingredients.com\/en\/#website"},"datePublished":"2024-10-21T19:45:35+00:00","dateModified":"2025-09-02T06:58:32+00:00","description":"Our commitment to quality and continuous improvement of our products and organization. Certifications: ISO 9001, ISO22000 and FCA.","breadcrumb":{"@id":"https:\/\/www.pharmanager-ingredients.com\/en\/our-quality-commitments\/#breadcrumb"},"inLanguage":"en-US","potentialAction":[{"@type":"ReadAction","target":["https:\/\/www.pharmanager-ingredients.com\/en\/our-quality-commitments\/"]}]},{"@type":"BreadcrumbList","@id":"https:\/\/www.pharmanager-ingredients.com\/en\/our-quality-commitments\/#breadcrumb","itemListElement":[{"@type":"ListItem","position":1,"name":"Accueil","item":"https:\/\/www.pharmanager-ingredients.com\/en\/"},{"@type":"ListItem","position":2,"name":"Our quality commitments"}]},{"@type":"WebSite","@id":"https:\/\/www.pharmanager-ingredients.com\/en\/#website","url":"https:\/\/www.pharmanager-ingredients.com\/en\/","name":"Pharmanager Ingredients","description":"","publisher":{"@id":"https:\/\/www.pharmanager-ingredients.com\/en\/#organization"},"potentialAction":[{"@type":"SearchAction","target":{"@type":"EntryPoint","urlTemplate":"https:\/\/www.pharmanager-ingredients.com\/en\/?s={search_term_string}"},"query-input":{"@type":"PropertyValueSpecification","valueRequired":true,"valueName":"search_term_string"}}],"inLanguage":"en-US"},{"@type":"Organization","@id":"https:\/\/www.pharmanager-ingredients.com\/en\/#organization","name":"Pharmanager Ingredients","url":"https:\/\/www.pharmanager-ingredients.com\/en\/","logo":{"@type":"ImageObject","inLanguage":"en-US","@id":"https:\/\/www.pharmanager-ingredients.com\/en\/#\/schema\/logo\/image\/","url":"https:\/\/www.pharmanager-ingredients.com\/wp-content\/uploads\/2024\/10\/PHING.jpg","contentUrl":"https:\/\/www.pharmanager-ingredients.com\/wp-content\/uploads\/2024\/10\/PHING.jpg","width":1909,"height":1067,"caption":"Pharmanager Ingredients"},"image":{"@id":"https:\/\/www.pharmanager-ingredients.com\/en\/#\/schema\/logo\/image\/"},"sameAs":["https:\/\/www.linkedin.com\/company\/pharmanager-ingredients\/"]}]}},"_links":{"self":[{"href":"https:\/\/www.pharmanager-ingredients.com\/en\/wp-json\/wp\/v2\/pages\/14712","targetHints":{"allow":["GET"]}}],"collection":[{"href":"https:\/\/www.pharmanager-ingredients.com\/en\/wp-json\/wp\/v2\/pages"}],"about":[{"href":"https:\/\/www.pharmanager-ingredients.com\/en\/wp-json\/wp\/v2\/types\/page"}],"author":[{"embeddable":true,"href":"https:\/\/www.pharmanager-ingredients.com\/en\/wp-json\/wp\/v2\/users\/4"}],"replies":[{"embeddable":true,"href":"https:\/\/www.pharmanager-ingredients.com\/en\/wp-json\/wp\/v2\/comments?post=14712"}],"version-history":[{"count":4,"href":"https:\/\/www.pharmanager-ingredients.com\/en\/wp-json\/wp\/v2\/pages\/14712\/revisions"}],"predecessor-version":[{"id":17309,"href":"https:\/\/www.pharmanager-ingredients.com\/en\/wp-json\/wp\/v2\/pages\/14712\/revisions\/17309"}],"wp:attachment":[{"href":"https:\/\/www.pharmanager-ingredients.com\/en\/wp-json\/wp\/v2\/media?parent=14712"}],"curies":[{"name":"wp","href":"https:\/\/api.w.org\/{rel}","templated":true}]}}